{"id":2,"date":"2014-09-05T04:41:07","date_gmt":"2014-09-05T04:41:07","guid":{"rendered":"http:\/\/localhost\/wordpress-4.0\/wordpress\/?page_id=2"},"modified":"2024-03-18T18:55:44","modified_gmt":"2024-03-18T17:55:44","slug":"sample-page","status":"publish","type":"page","link":"https:\/\/kg-saarland.gdpbundespolizeikoblenz.de\/?page_id=2","title":{"rendered":"Gliederung Kreisgruppe"},"content":{"rendered":"<div>\n<p><a href=\"https:\/\/kg-saarland.gdpbundespolizeikoblenz.de\/wp-content\/uploads\/2017\/02\/vorstand-kg-saarland-768x553-1.jpg\"><img loading=\"lazy\" decoding=\"async\" class=\"size-medium wp-image-477 alignright\" src=\"https:\/\/kg-saarland.gdpbundespolizeikoblenz.de\/wp-content\/uploads\/2017\/02\/vorstand-kg-saarland-768x553-1-300x216.jpg\" alt=\"\" width=\"300\" height=\"216\" srcset=\"https:\/\/kg-saarland.gdpbundespolizeikoblenz.de\/wp-content\/uploads\/2017\/02\/vorstand-kg-saarland-768x553-1-300x216.jpg 300w, https:\/\/kg-saarland.gdpbundespolizeikoblenz.de\/wp-content\/uploads\/2017\/02\/vorstand-kg-saarland-768x553-1.jpg 768w, https:\/\/kg-saarland.gdpbundespolizeikoblenz.de\/wp-content\/uploads\/2017\/02\/vorstand-kg-saarland-768x553-1-250x180.jpg 250w\" sizes=\"auto, (max-width: 300px) 100vw, 300px\" \/><\/a>\u00a0<strong>Die GdP Kreisgruppe Bundespolizei Saarland ist die mit Abstand (Organisationsgrad von mehr als 72 %) mitgliederst\u00e4rkste Interessensvertretung der Bundespolizei im Saarland. <\/strong><\/p>\n<p><strong>Hierzu z\u00e4hlen die BPOLI Saarbr\u00fccken, die Au\u00dfenstelle der BPOLI KB Frankfurt\/Main am Standort Bexbach, die MFE der BPOLD Koblenz am Standort Bexbach, sowie weitere kleine Teilorganisationseinheiten der BPOLD Koblenz und de BPOLP Potsdam.<\/strong><\/p>\n<\/div>\n<div>\n<p><strong><a href=\"https:\/\/kg-saarland.gdpbundespolizeikoblenz.de\/wp-content\/uploads\/2024\/03\/Bild1.png\"><img loading=\"lazy\" decoding=\"async\" class=\"wp-image-4012 alignleft\" src=\"https:\/\/kg-saarland.gdpbundespolizeikoblenz.de\/wp-content\/uploads\/2024\/03\/Bild1.png\" alt=\"\" width=\"130\" height=\"171\" \/><\/a>Seit 2023 ist Werner Berger Vorsitzender der GdP Kreisgruppe. Zusammen mit seinem Vorstand gilt es f\u00fcr die schwierigen Herausforderungen der Gegenwart und Zukunft vern\u00fcnftige und tragf\u00e4hige L\u00f6sungen zu finden.<\/strong><\/p>\n<\/div>\n<div>\n<p><strong><span class=\"textexposedshow\">Im Mittelpunkt steht f\u00fcr die GdP immer der Mensch und damit die Besch\u00e4ftigten aller Organisationseinheiten im Saarland. Es gilt den Bundespolizei-Standort Saarland weiter zu st\u00e4rken, intelligent und zukunftsf\u00e4hig auszubauen und damit moderne und zeitgem\u00e4\u00dfe Arbeitspl\u00e4tze zu erhalten.<\/span><\/strong><\/p>\n<\/div>\n<div>\n<p><strong><span class=\"textexposedshow\">Wir sind gerne f\u00fcr euch da und freuen uns, wenn ihr mit uns Kontakt aufnehmt. <\/span><\/strong><\/p>\n<\/div>\n","protected":false},"excerpt":{"rendered":"<p>\u00a0Die GdP Kreisgruppe Bundespolizei Saarland ist die mit Abstand (Organisationsgrad von mehr als 72 %) mitgliederst\u00e4rkste Interessensvertretung der Bundespolizei im Saarland. Hierzu z\u00e4hlen die BPOLI Saarbr\u00fccken, die Au\u00dfenstelle der BPOLI KB Frankfurt\/Main am Standort Bexbach, die MFE der BPOLD Koblenz am Standort Bexbach, sowie weitere kleine Teilorganisationseinheiten der BPOLD Koblenz <a class=\"more-link\" href=\"https:\/\/kg-saarland.gdpbundespolizeikoblenz.de\/?page_id=2\">Weiterlesen<span class=\"screen-reader-text\">Gliederung Kreisgruppe<\/span><span class=\"meta-nav\">&rarr;<\/span><\/a><\/p>\n","protected":false},"author":1,"featured_media":0,"parent":0,"menu_order":0,"comment_status":"closed","ping_status":"open","template":"","meta":{"footnotes":""},"class_list":["post-2","page","type-page","status-publish","hentry"],"_links":{"self":[{"href":"https:\/\/kg-saarland.gdpbundespolizeikoblenz.de\/index.php?rest_route=\/wp\/v2\/pages\/2","targetHints":{"allow":["GET"]}}],"collection":[{"href":"https:\/\/kg-saarland.gdpbundespolizeikoblenz.de\/index.php?rest_route=\/wp\/v2\/pages"}],"about":[{"href":"https:\/\/kg-saarland.gdpbundespolizeikoblenz.de\/index.php?rest_route=\/wp\/v2\/types\/page"}],"author":[{"embeddable":true,"href":"https:\/\/kg-saarland.gdpbundespolizeikoblenz.de\/index.php?rest_route=\/wp\/v2\/users\/1"}],"replies":[{"embeddable":true,"href":"https:\/\/kg-saarland.gdpbundespolizeikoblenz.de\/index.php?rest_route=%2Fwp%2Fv2%2Fcomments&post=2"}],"version-history":[{"count":2,"href":"https:\/\/kg-saarland.gdpbundespolizeikoblenz.de\/index.php?rest_route=\/wp\/v2\/pages\/2\/revisions"}],"predecessor-version":[{"id":4013,"href":"https:\/\/kg-saarland.gdpbundespolizeikoblenz.de\/index.php?rest_route=\/wp\/v2\/pages\/2\/revisions\/4013"}],"wp:attachment":[{"href":"https:\/\/kg-saarland.gdpbundespolizeikoblenz.de\/index.php?rest_route=%2Fwp%2Fv2%2Fmedia&parent=2"}],"curies":[{"name":"wp","href":"https:\/\/api.w.org\/{rel}","templated":true}]}}