{"id":31,"date":"2014-10-24T16:59:42","date_gmt":"2014-10-24T14:59:42","guid":{"rendered":"http:\/\/kg-saarland.gdpbundespolizeikoblenz.de\/?page_id=31"},"modified":"2017-02-18T12:49:10","modified_gmt":"2017-02-18T11:49:10","slug":"kontaktdaten-dgb-rechtschutz","status":"publish","type":"page","link":"https:\/\/kg-saarland.gdpbundespolizeikoblenz.de\/?page_id=31","title":{"rendered":"Kontaktdaten DGB Rechtschutz"},"content":{"rendered":"<h3>BUNDESLAND<\/h3>\n<p id=\"list-headline\">Saarland<\/p>\n<div class=\"buero-list-element\">\n<div class=\"buero-ort\"><a href=\"http:\/\/www.dgbrechtsschutz.de\/wir\/vor-ort\/saarbruecken\/\">Saarbr\u00fccken<\/a><\/div>\n<div class=\"clear\"><\/div>\n<table class=\"table-vorort\" width=\"688\">\n<tbody>\n<tr>\n<td id=\"first-column\">B\u00fcro Saarbr\u00fccken<\/td>\n<td>Telefon: (0681) 947950<\/td>\n<\/tr>\n<tr>\n<td id=\"first-column\">Fritz-Dobisch-Str. 5<\/td>\n<td>Fax: (0681) 9479566<\/td>\n<\/tr>\n<tr>\n<td id=\"first-column\">66111 Saarbr\u00fccken<\/td>\n<td><a class=\"smarterwiki-linkify\" href=\"mailto:Saarbruecken@dgbrechtsschutz.de\">Saarbruecken@dgbrechtsschutz.de<\/a><\/td>\n<\/tr>\n<\/tbody>\n<\/table>\n<\/div>\n","protected":false},"excerpt":{"rendered":"<p>BUNDESLAND Saarland Saarbr\u00fccken B\u00fcro Saarbr\u00fccken Telefon: (0681) 947950 Fritz-Dobisch-Str. 5 Fax: (0681) 9479566 66111 Saarbr\u00fccken Saarbruecken@dgbrechtsschutz.de<\/p>\n","protected":false},"author":1,"featured_media":0,"parent":25,"menu_order":2,"comment_status":"closed","ping_status":"open","template":"","meta":{"footnotes":""},"class_list":["post-31","page","type-page","status-publish","hentry"],"_links":{"self":[{"href":"https:\/\/kg-saarland.gdpbundespolizeikoblenz.de\/index.php?rest_route=\/wp\/v2\/pages\/31","targetHints":{"allow":["GET"]}}],"collection":[{"href":"https:\/\/kg-saarland.gdpbundespolizeikoblenz.de\/index.php?rest_route=\/wp\/v2\/pages"}],"about":[{"href":"https:\/\/kg-saarland.gdpbundespolizeikoblenz.de\/index.php?rest_route=\/wp\/v2\/types\/page"}],"author":[{"embeddable":true,"href":"https:\/\/kg-saarland.gdpbundespolizeikoblenz.de\/index.php?rest_route=\/wp\/v2\/users\/1"}],"replies":[{"embeddable":true,"href":"https:\/\/kg-saarland.gdpbundespolizeikoblenz.de\/index.php?rest_route=%2Fwp%2Fv2%2Fcomments&post=31"}],"version-history":[{"count":2,"href":"https:\/\/kg-saarland.gdpbundespolizeikoblenz.de\/index.php?rest_route=\/wp\/v2\/pages\/31\/revisions"}],"predecessor-version":[{"id":357,"href":"https:\/\/kg-saarland.gdpbundespolizeikoblenz.de\/index.php?rest_route=\/wp\/v2\/pages\/31\/revisions\/357"}],"up":[{"embeddable":true,"href":"https:\/\/kg-saarland.gdpbundespolizeikoblenz.de\/index.php?rest_route=\/wp\/v2\/pages\/25"}],"wp:attachment":[{"href":"https:\/\/kg-saarland.gdpbundespolizeikoblenz.de\/index.php?rest_route=%2Fwp%2Fv2%2Fmedia&parent=31"}],"curies":[{"name":"wp","href":"https:\/\/api.w.org\/{rel}","templated":true}]}}