{"id":381,"date":"2017-02-18T18:22:55","date_gmt":"2017-02-18T17:22:55","guid":{"rendered":"http:\/\/kg-saarland.gdpbundespolizeikoblenz.de\/?page_id=381"},"modified":"2024-03-18T19:29:50","modified_gmt":"2024-03-18T18:29:50","slug":"mitglied-werden","status":"publish","type":"page","link":"https:\/\/kg-saarland.gdpbundespolizeikoblenz.de\/?page_id=381","title":{"rendered":"Mitglied werden"},"content":{"rendered":"<div class=\"entry-content\">\n<p>Liebe Kollegin, lieber Kollege,<br \/>\nwir freuen uns an Deiner Mitgliedschaft in der Gewerkschaft der Polizei \u2013 Bezirk Bundespolizei. Die Beitrittserkl\u00e4rung kann hier herunter geladen oder direkt ausgef\u00fcllt und ausgedruckt werden.<\/p>\n<p><a href=\"https:\/\/www.gdp.de\/gdp\/gdpbupo.nsf\/res\/230427_Beitritt_BPOL-Zoll_Online_ausfuellbar.pdf\/$file\/230427_Beitritt_BPOL-Zoll_Online_ausfuellbar.pdf\" target=\"_blank\" rel=\"noopener\">Beitrittserkl\u00e4rung<\/a><\/p>\n<\/div>\n","protected":false},"excerpt":{"rendered":"<p>Liebe Kollegin, lieber Kollege, wir freuen uns an Deiner Mitgliedschaft in der Gewerkschaft der Polizei \u2013 Bezirk Bundespolizei. Die Beitrittserkl\u00e4rung kann hier herunter geladen oder direkt ausgef\u00fcllt und ausgedruckt werden. Beitrittserkl\u00e4rung<\/p>\n","protected":false},"author":1,"featured_media":0,"parent":36,"menu_order":3,"comment_status":"closed","ping_status":"closed","template":"","meta":{"footnotes":""},"class_list":["post-381","page","type-page","status-publish","hentry"],"_links":{"self":[{"href":"https:\/\/kg-saarland.gdpbundespolizeikoblenz.de\/index.php?rest_route=\/wp\/v2\/pages\/381","targetHints":{"allow":["GET"]}}],"collection":[{"href":"https:\/\/kg-saarland.gdpbundespolizeikoblenz.de\/index.php?rest_route=\/wp\/v2\/pages"}],"about":[{"href":"https:\/\/kg-saarland.gdpbundespolizeikoblenz.de\/index.php?rest_route=\/wp\/v2\/types\/page"}],"author":[{"embeddable":true,"href":"https:\/\/kg-saarland.gdpbundespolizeikoblenz.de\/index.php?rest_route=\/wp\/v2\/users\/1"}],"replies":[{"embeddable":true,"href":"https:\/\/kg-saarland.gdpbundespolizeikoblenz.de\/index.php?rest_route=%2Fwp%2Fv2%2Fcomments&post=381"}],"version-history":[{"count":2,"href":"https:\/\/kg-saarland.gdpbundespolizeikoblenz.de\/index.php?rest_route=\/wp\/v2\/pages\/381\/revisions"}],"predecessor-version":[{"id":4022,"href":"https:\/\/kg-saarland.gdpbundespolizeikoblenz.de\/index.php?rest_route=\/wp\/v2\/pages\/381\/revisions\/4022"}],"up":[{"embeddable":true,"href":"https:\/\/kg-saarland.gdpbundespolizeikoblenz.de\/index.php?rest_route=\/wp\/v2\/pages\/36"}],"wp:attachment":[{"href":"https:\/\/kg-saarland.gdpbundespolizeikoblenz.de\/index.php?rest_route=%2Fwp%2Fv2%2Fmedia&parent=381"}],"curies":[{"name":"wp","href":"https:\/\/api.w.org\/{rel}","templated":true}]}}