{"id":62,"date":"2014-10-24T21:18:13","date_gmt":"2014-10-24T19:18:13","guid":{"rendered":"http:\/\/kg-saarland.gdpbundespolizeikoblenz.de\/?page_id=62"},"modified":"2024-03-18T21:10:24","modified_gmt":"2024-03-18T20:10:24","slug":"verhaltengrundsaetze-bei-regressmassnahmen","status":"publish","type":"page","link":"https:\/\/kg-saarland.gdpbundespolizeikoblenz.de\/?page_id=62","title":{"rendered":"Verhaltengrunds\u00e4tze bei Regressma\u00dfnahmen"},"content":{"rendered":"<p class=\"storycontent\"><strong>Wichtige Verhaltensgrunds\u00e4tze bei Dienst-Kfz-Unf\u00e4llen und<br \/>\nAbhandenkommenssch\u00e4den<\/strong><\/p>\n<p>Auf keinen Fall d\u00fcrfen vorab Zahlungen geleistet werden! Es darf auch kein Schuldanerkenntnis unterschrieben werden. Die Versicherung \u00fcbernimmt dann keinerlei Schadensersatz!<\/p>\n<p>Kopie der Unfallmeldung\/Abhandenkommensmeldung die an den Dienstherrn geht, sofort an die GdP \u2013Bezirk Bundespolizei \u2013, Forststr. 3 a, 40721 Hilden zwecks Weiterleitung an die Versicherung!<\/p>\n<p>Beteiligung der Personalvertretung beantragen!<\/p>\n<p>Bei Erhalt eines origin\u00e4ren Leistungsbescheides bzw. Schadensersatzforderungen gem. \u00a7 11 a MTArb i.V. m. \u00a7 78 BBG sofort schriftlich Widerspruch einlegen.<\/p>\n<p><strong>ACHTUNG: Die Widerspruchsfrist betr\u00e4gt jeweils 1 Monat!<br \/>\n<\/strong><\/p>\n<p>Gesamten Schriftverkehr immer in Kopie an den Bezirk Bundespolizei !<\/p>\n<p>F\u00fcr eventuelle R\u00fcckfragen stehen wir selbstverst\u00e4ndlich auch unter\u00a0 0681-92636-59 oder in dringenden F\u00e4llen direkt der GdP-Bezirk Bundespolizei unter 0211-7104512 zur Verf\u00fcgung.<\/p>\n","protected":false},"excerpt":{"rendered":"<p>Wichtige Verhaltensgrunds\u00e4tze bei Dienst-Kfz-Unf\u00e4llen und Abhandenkommenssch\u00e4den Auf keinen Fall d\u00fcrfen vorab Zahlungen geleistet werden! Es darf auch kein Schuldanerkenntnis unterschrieben werden. Die Versicherung \u00fcbernimmt dann keinerlei Schadensersatz! Kopie der Unfallmeldung\/Abhandenkommensmeldung die an den Dienstherrn geht, sofort an die GdP \u2013Bezirk Bundespolizei \u2013, Forststr. 3 a, 40721 Hilden zwecks Weiterleitung an <a class=\"more-link\" href=\"https:\/\/kg-saarland.gdpbundespolizeikoblenz.de\/?page_id=62\">Weiterlesen<span class=\"screen-reader-text\">Verhaltengrunds\u00e4tze bei Regressma\u00dfnahmen<\/span><span class=\"meta-nav\">&rarr;<\/span><\/a><\/p>\n","protected":false},"author":1,"featured_media":0,"parent":25,"menu_order":6,"comment_status":"closed","ping_status":"open","template":"","meta":{"footnotes":""},"class_list":["post-62","page","type-page","status-publish","hentry"],"_links":{"self":[{"href":"https:\/\/kg-saarland.gdpbundespolizeikoblenz.de\/index.php?rest_route=\/wp\/v2\/pages\/62","targetHints":{"allow":["GET"]}}],"collection":[{"href":"https:\/\/kg-saarland.gdpbundespolizeikoblenz.de\/index.php?rest_route=\/wp\/v2\/pages"}],"about":[{"href":"https:\/\/kg-saarland.gdpbundespolizeikoblenz.de\/index.php?rest_route=\/wp\/v2\/types\/page"}],"author":[{"embeddable":true,"href":"https:\/\/kg-saarland.gdpbundespolizeikoblenz.de\/index.php?rest_route=\/wp\/v2\/users\/1"}],"replies":[{"embeddable":true,"href":"https:\/\/kg-saarland.gdpbundespolizeikoblenz.de\/index.php?rest_route=%2Fwp%2Fv2%2Fcomments&post=62"}],"version-history":[{"count":3,"href":"https:\/\/kg-saarland.gdpbundespolizeikoblenz.de\/index.php?rest_route=\/wp\/v2\/pages\/62\/revisions"}],"predecessor-version":[{"id":4073,"href":"https:\/\/kg-saarland.gdpbundespolizeikoblenz.de\/index.php?rest_route=\/wp\/v2\/pages\/62\/revisions\/4073"}],"up":[{"embeddable":true,"href":"https:\/\/kg-saarland.gdpbundespolizeikoblenz.de\/index.php?rest_route=\/wp\/v2\/pages\/25"}],"wp:attachment":[{"href":"https:\/\/kg-saarland.gdpbundespolizeikoblenz.de\/index.php?rest_route=%2Fwp%2Fv2%2Fmedia&parent=62"}],"curies":[{"name":"wp","href":"https:\/\/api.w.org\/{rel}","templated":true}]}}