{"id":9,"date":"2014-10-24T13:23:46","date_gmt":"2014-10-24T13:23:46","guid":{"rendered":"http:\/\/kg-saarland.gdpbundespolizeikoblenz.de\/?page_id=9"},"modified":"2024-03-18T21:11:48","modified_gmt":"2024-03-18T20:11:48","slug":"vorstand-der-kreisgruppe","status":"publish","type":"page","link":"https:\/\/kg-saarland.gdpbundespolizeikoblenz.de\/?page_id=9","title":{"rendered":"Vorstand der Kreisgruppe"},"content":{"rendered":"<table>\n<tbody>\n<tr>\n<td width=\"240\">Vorsitzender<\/td>\n<td width=\"232\">Werner Berger<\/td>\n<\/tr>\n<tr>\n<td width=\"240\">stellv. Vorsitzender<\/td>\n<td width=\"232\">Christina Maas<\/td>\n<\/tr>\n<tr>\n<td width=\"240\">stellv. Vorsitzender<\/td>\n<td width=\"232\">Hassan Baghal<\/td>\n<\/tr>\n<tr>\n<td width=\"240\">stellv. Vorsitzender<\/td>\n<td width=\"232\">Roland Voss<\/td>\n<\/tr>\n<tr>\n<td width=\"240\">stellv. Vorsitzender<\/td>\n<td width=\"232\">Andreas Kiefer<\/td>\n<\/tr>\n<tr>\n<td width=\"240\">stellv. Vorsitzender<\/td>\n<td width=\"232\">Simon Mannweiler<\/td>\n<\/tr>\n<tr>\n<td width=\"240\">stellv. Vorsitzender<\/td>\n<td width=\"232\">Kersten Venn<\/td>\n<\/tr>\n<tr>\n<td width=\"240\">Schriftf\u00fchrung<\/td>\n<td width=\"232\">Andr\u00e9 Gargosch<\/td>\n<\/tr>\n<tr>\n<td width=\"240\">Schriftf\u00fchrung<\/td>\n<td width=\"232\">G\u00fcnther M\u00fcller<\/td>\n<\/tr>\n<tr>\n<td width=\"240\">Kassierer<\/td>\n<td width=\"232\">Dirk Schlouck<\/td>\n<\/tr>\n<tr>\n<td width=\"240\">Kassierer<\/td>\n<td width=\"232\">Heiko Dinkuhn<\/td>\n<\/tr>\n<\/tbody>\n<\/table>\n<p>&nbsp;<\/p>\n<p>&nbsp;<\/p>\n<p>&nbsp;<\/p>\n<p>&nbsp;<\/p>\n<p>&nbsp;<\/p>\n<p>&nbsp;<\/p>\n<p>&nbsp;<\/p>\n","protected":false},"excerpt":{"rendered":"<p>Vorsitzender Werner Berger stellv. Vorsitzender Christina Maas stellv. Vorsitzender Hassan Baghal stellv. Vorsitzender Roland Voss stellv. Vorsitzender Andreas Kiefer stellv. Vorsitzender Simon Mannweiler stellv. Vorsitzender Kersten Venn Schriftf\u00fchrung Andr\u00e9 Gargosch Schriftf\u00fchrung G\u00fcnther M\u00fcller Kassierer Dirk Schlouck Kassierer Heiko Dinkuhn &nbsp; &nbsp; &nbsp; &nbsp; &nbsp; &nbsp; &nbsp;<\/p>\n","protected":false},"author":1,"featured_media":0,"parent":2,"menu_order":0,"comment_status":"closed","ping_status":"open","template":"","meta":{"footnotes":""},"class_list":["post-9","page","type-page","status-publish","hentry"],"_links":{"self":[{"href":"https:\/\/kg-saarland.gdpbundespolizeikoblenz.de\/index.php?rest_route=\/wp\/v2\/pages\/9","targetHints":{"allow":["GET"]}}],"collection":[{"href":"https:\/\/kg-saarland.gdpbundespolizeikoblenz.de\/index.php?rest_route=\/wp\/v2\/pages"}],"about":[{"href":"https:\/\/kg-saarland.gdpbundespolizeikoblenz.de\/index.php?rest_route=\/wp\/v2\/types\/page"}],"author":[{"embeddable":true,"href":"https:\/\/kg-saarland.gdpbundespolizeikoblenz.de\/index.php?rest_route=\/wp\/v2\/users\/1"}],"replies":[{"embeddable":true,"href":"https:\/\/kg-saarland.gdpbundespolizeikoblenz.de\/index.php?rest_route=%2Fwp%2Fv2%2Fcomments&post=9"}],"version-history":[{"count":3,"href":"https:\/\/kg-saarland.gdpbundespolizeikoblenz.de\/index.php?rest_route=\/wp\/v2\/pages\/9\/revisions"}],"predecessor-version":[{"id":4075,"href":"https:\/\/kg-saarland.gdpbundespolizeikoblenz.de\/index.php?rest_route=\/wp\/v2\/pages\/9\/revisions\/4075"}],"up":[{"embeddable":true,"href":"https:\/\/kg-saarland.gdpbundespolizeikoblenz.de\/index.php?rest_route=\/wp\/v2\/pages\/2"}],"wp:attachment":[{"href":"https:\/\/kg-saarland.gdpbundespolizeikoblenz.de\/index.php?rest_route=%2Fwp%2Fv2%2Fmedia&parent=9"}],"curies":[{"name":"wp","href":"https:\/\/api.w.org\/{rel}","templated":true}]}}